{"id":1238,"date":"2025-01-24T18:19:00","date_gmt":"2025-01-24T17:19:00","guid":{"rendered":"https:\/\/stichtingdiva.nl\/?page_id=1238&#038;lang=nl"},"modified":"2025-02-03T12:56:56","modified_gmt":"2025-02-03T11:56:56","slug":"stornierungsbedingungen","status":"publish","type":"page","link":"https:\/\/hanninkhof.de\/?page_id=1238&lang=de","title":{"rendered":"Stornieren"},"content":{"rendered":"\t\t<div data-elementor-type=\"wp-page\" data-elementor-id=\"1238\" class=\"elementor elementor-1238\">\n\t\t\t\t<div class=\"elementor-element elementor-element-a7257b8 e-flex e-con-boxed e-con e-parent\" data-id=\"a7257b8\" data-element_type=\"container\" data-e-type=\"container\">\n\t\t\t\t\t<div class=\"e-con-inner\">\n\t\t\t\t\t<\/div>\n\t\t\t\t<\/div>\n\t\t<div class=\"elementor-element elementor-element-fe196fb e-flex e-con-boxed e-con e-parent\" data-id=\"fe196fb\" data-element_type=\"container\" data-e-type=\"container\">\n\t\t\t\t\t<div class=\"e-con-inner\">\n\t\t\t\t<div class=\"elementor-element elementor-element-17062d2 elementor-widget elementor-widget-text-editor\" data-id=\"17062d2\" data-element_type=\"widget\" data-e-type=\"widget\" data-widget_type=\"text-editor.default\">\n\t\t\t\t<div class=\"elementor-widget-container\">\n\t\t\t\t\t\t\t\t\t<h4>Stornierungsbedingungen.<\/h4><p><span style=\"color: #008000;\">Wenn Sie stornieren m\u00f6chten, muss dies schriftlich erfolgen und von Hanninkhof genehmigt werden.<\/span><\/p><p><span style=\"color: #008000;\">Dann kann dies auf eine der folgenden Arten erfolgen.<\/span><\/p><p><span style=\"color: #008000;\">* Bis 8 Wochen vor Urlaubsantritt kostenfrei.<\/span><\/p><p><span style=\"color: #008000;\">* Bis 4 Wochen vor Urlaubsantritt k\u00f6nnen wir 75%\u00a0<\/span><span style=\"color: #008000; letter-spacing: 0px; background-color: var(--theme-palette-color-8); font-style: var(--theme-font-style, inherit); font-variant-ligatures: inherit; font-variant-caps: inherit; font-weight: var(--theme-font-weight); text-transform: var(--theme-text-transform);\">der Buchungssumme als Stornogebu\u0308hr in Rechnung bringen.\u00a0 \u00a0<\/span><\/p><p><span style=\"color: #008000; font-family: inherit; font-size: inherit; font-style: inherit; font-variant-ligatures: inherit; font-variant-caps: inherit; font-weight: inherit; letter-spacing: 0px; background-color: var(--theme-palette-color-8); text-transform: var(--theme-text-transform);\">* Innerhalb von 4 Wochen vor Urlaubsantritt erstatten wir 0%\u00a0<\/span><span style=\"color: #008000;\">der Buchungssumme,<\/span><span style=\"color: #008000; font-family: inherit; font-size: inherit; font-style: inherit; font-variant-ligatures: inherit; font-variant-caps: inherit; font-weight: inherit; letter-spacing: 0px; background-color: var(--theme-palette-color-8); text-transform: var(--theme-text-transform);\">\u00a0aber k\u00f6nnten wir einen Gutschein f\u00fcr eine Neubuchung im selben Jahr aus<\/span><span style=\"color: #008000; letter-spacing: 0px; background-color: var(--theme-palette-color-8); font-style: var(--theme-font-style, inherit); font-variant-ligatures: inherit; font-variant-caps: inherit; font-weight: var(--theme-font-weight); text-transform: var(--theme-text-transform);\">stellen<\/span><span style=\"background-color: var(--theme-palette-color-8); color: #008000; font-family: inherit; font-size: inherit; font-style: inherit; font-variant-ligatures: inherit; font-variant-caps: inherit; font-weight: inherit; letter-spacing: 0px; text-transform: var(--theme-text-transform);\">, sofern das gleiche Objekt verf\u00fcgbar ist.<\/span><\/p><p><span style=\"color: #008000;\">* R\u00fcckerstattungen innerhalb von 7 Tagen verfallen.<\/span><\/p><p><span style=\"color: #008000; font-family: inherit; font-size: inherit; font-style: inherit; font-variant-ligatures: inherit; font-variant-caps: inherit; font-weight: inherit; letter-spacing: 0px; background-color: var(--theme-palette-color-8); text-transform: var(--theme-text-transform);\">.<\/span><\/p><h4><span style=\"color: #003300;\">Haftung!<\/span><\/h4><p style=\"text-align: center;\"><span style=\"color: #008000;\"><b>Hanninkhof \u00fcbernimmt KEINE Haftung f\u00fcr Sch\u00e4den und\/oder Verlust Ihres Eigentums w\u00e4hrend Ihres Besuchs oder Aufenthalts auf unserem Gel\u00e4nde oder in unserer Unterkunft.<\/b><\/span><\/p>\t\t\t\t\t\t\t\t<\/div>\n\t\t\t\t<\/div>\n\t\t\t\t\t<\/div>\n\t\t\t\t<\/div>\n\t\t\t\t<\/div>\n\t\t","protected":false},"excerpt":{"rendered":"<p>Stornierungsbedingungen. Wenn Sie stornieren m\u00f6chten, muss dies schriftlich erfolgen und von Hanninkhof genehmigt werden. Dann kann dies auf eine der folgenden Arten erfolgen. * Bis 8 Wochen vor Urlaubsantritt kostenfrei. * Bis 4 Wochen vor Urlaubsantritt k\u00f6nnen wir 75%\u00a0der Buchungssumme als Stornogebu\u0308hr in Rechnung bringen.\u00a0 \u00a0 * Innerhalb von 4 Wochen vor Urlaubsantritt erstatten wir [&hellip;]<\/p>\n","protected":false},"author":1,"featured_media":0,"parent":0,"menu_order":0,"comment_status":"closed","ping_status":"closed","template":"","meta":{"footnotes":""},"class_list":["post-1238","page","type-page","status-publish","hentry"],"blocksy_meta":[],"_links":{"self":[{"href":"https:\/\/hanninkhof.de\/index.php?rest_route=\/wp\/v2\/pages\/1238","targetHints":{"allow":["GET"]}}],"collection":[{"href":"https:\/\/hanninkhof.de\/index.php?rest_route=\/wp\/v2\/pages"}],"about":[{"href":"https:\/\/hanninkhof.de\/index.php?rest_route=\/wp\/v2\/types\/page"}],"author":[{"embeddable":true,"href":"https:\/\/hanninkhof.de\/index.php?rest_route=\/wp\/v2\/users\/1"}],"replies":[{"embeddable":true,"href":"https:\/\/hanninkhof.de\/index.php?rest_route=%2Fwp%2Fv2%2Fcomments&post=1238"}],"version-history":[{"count":0,"href":"https:\/\/hanninkhof.de\/index.php?rest_route=\/wp\/v2\/pages\/1238\/revisions"}],"wp:attachment":[{"href":"https:\/\/hanninkhof.de\/index.php?rest_route=%2Fwp%2Fv2%2Fmedia&parent=1238"}],"curies":[{"name":"wp","href":"https:\/\/api.w.org\/{rel}","templated":true}]}}