{"id":1814,"date":"2025-02-02T18:10:16","date_gmt":"2025-02-02T17:10:16","guid":{"rendered":"https:\/\/stichtingdiva.nl\/?page_id=1814"},"modified":"2025-02-02T18:12:06","modified_gmt":"2025-02-02T17:12:06","slug":"familien-garten-2","status":"publish","type":"page","link":"https:\/\/hanninkhof.de\/?page_id=1814&lang=de","title":{"rendered":"Familien Garten"},"content":{"rendered":"\t\t<div data-elementor-type=\"wp-page\" data-elementor-id=\"1814\" class=\"elementor elementor-1814\">\n\t\t\t\t<div class=\"elementor-element elementor-element-c3388d3 e-flex e-con-boxed e-con e-parent\" data-id=\"c3388d3\" data-element_type=\"container\" data-e-type=\"container\">\n\t\t\t\t\t<div class=\"e-con-inner\">\n\t\t\t\t\t<\/div>\n\t\t\t\t<\/div>\n\t\t<div class=\"elementor-element elementor-element-e1170b3 e-flex e-con-boxed e-con e-parent\" data-id=\"e1170b3\" data-element_type=\"container\" data-e-type=\"container\">\n\t\t\t\t\t<div class=\"e-con-inner\">\n\t\t<div class=\"elementor-element elementor-element-e3eef5e e-flex e-con-boxed e-con e-child\" data-id=\"e3eef5e\" data-element_type=\"container\" data-e-type=\"container\">\n\t\t\t\t\t<div class=\"e-con-inner\">\n\t\t\t\t<div class=\"elementor-element elementor-element-c4425b8 elementor-widget__width-initial elementor-widget elementor-widget-text-editor\" data-id=\"c4425b8\" data-element_type=\"widget\" data-e-type=\"widget\" data-widget_type=\"text-editor.default\">\n\t\t\t\t<div class=\"elementor-widget-container\">\n\t\t\t\t\t\t\t\t\t<p style=\"text-align: left;\"><span style=\"color: #008000;\"><img fetchpriority=\"high\" decoding=\"async\" class=\"alignleft\" src=\"https:\/\/stichtingdiva.nl\/wp-content\/uploads\/2025\/01\/Tuin1-300x225.jpg\" alt=\"\" width=\"372\" height=\"279\"><\/span><\/p>\n<h4><span style=\"color: #003300;\">Gem\u00fctlicher Familiengarten<\/span><\/h4>\n<p><span style=\"color: #008000;\">Hanninkhof verf\u00fcgt \u00fcber einen gem\u00fctlichen Familiengarten. In diesem Garten k\u00f6nnen Sie sich an all den verschiedenen Pflanzen und B\u00e4umen erfreuen.<\/span><\/p>\n<p><span style=\"color: #008000;\">Im Sommer k\u00f6nnen die Kinder in einem aufblasbaren Pool planschen, auf der Wiese spielen und es gibt 2 Schaukeln mit unterschiedlichen Sitzen.<\/span><\/p>\n<p><span style=\"color: #008000;\">F\u00fcr die Erwachsenen stehen Stehtische, Biertische und -hocker, Gartenst\u00fchle, ein Sonnenschirm, Sonnenliegen f\u00fcr die Wiese und eine gro\u00dfz\u00fcgige Terrasse f\u00fcr ein gem\u00fctliches Barbecue oder einen Drink bereit.<\/span><\/p>\n<p><span style=\"color: #008000;\">Auf der Terrasse beim Gartenh\u00e4uschen befindet sich ein Holzkohlegrill, der ebenfalls genutzt werden kann. Im Haus befindet sich eine Biertischgruppe mit 2 B\u00e4nken sowie ein gem\u00fctlicher Gasheizer und ein Gasgrill, welcher nach Absprache auch gerne genutzt werden kann.<\/span><\/p>\n<p><span style=\"color: #008000;\">An Sommerabenden bei klarem Himmel k\u00f6nnen hier regelm\u00e4\u00dfig Sternschnuppen beobachtet werden.<\/span><\/p>\t\t\t\t\t\t\t\t<\/div>\n\t\t\t\t<\/div>\n\t\t\t\t\t<\/div>\n\t\t\t\t<\/div>\n\t\t\t\t\t<\/div>\n\t\t\t\t<\/div>\n\t\t<div class=\"elementor-element elementor-element-21dd070 e-grid e-con-boxed e-con e-parent\" data-id=\"21dd070\" data-element_type=\"container\" data-e-type=\"container\">\n\t\t\t\t\t<div class=\"e-con-inner\">\n\t\t\t\t<div class=\"elementor-element elementor-element-f8e7a68 elementor-widget elementor-widget-image\" data-id=\"f8e7a68\" data-element_type=\"widget\" data-e-type=\"widget\" data-widget_type=\"image.default\">\n\t\t\t\t<div class=\"elementor-widget-container\">\n\t\t\t\t\t\t\t\t\t\t\t\t\t\t\t<img decoding=\"async\" width=\"2560\" height=\"1920\" src=\"https:\/\/hanninkhof.de\/wp-content\/uploads\/2025\/01\/Tuin-5-scaled-1.jpg\" class=\"attachment-full size-full wp-image-597\" alt=\"Wasserkuppe\" srcset=\"https:\/\/hanninkhof.de\/wp-content\/uploads\/2025\/01\/Tuin-5-scaled-1.jpg 2560w, https:\/\/hanninkhof.de\/wp-content\/uploads\/2025\/01\/Tuin-5-scaled-1-300x225.jpg 300w, https:\/\/hanninkhof.de\/wp-content\/uploads\/2025\/01\/Tuin-5-scaled-1-1024x768.jpg 1024w, https:\/\/hanninkhof.de\/wp-content\/uploads\/2025\/01\/Tuin-5-scaled-1-768x576.jpg 768w, https:\/\/hanninkhof.de\/wp-content\/uploads\/2025\/01\/Tuin-5-scaled-1-1536x1152.jpg 1536w, https:\/\/hanninkhof.de\/wp-content\/uploads\/2025\/01\/Tuin-5-scaled-1-2048x1536.jpg 2048w\" sizes=\"(max-width: 2560px) 100vw, 2560px\" \/>\t\t\t\t\t\t\t\t\t\t\t\t\t\t\t<\/div>\n\t\t\t\t<\/div>\n\t\t\t\t<div class=\"elementor-element elementor-element-b4276ad elementor-widget elementor-widget-image\" data-id=\"b4276ad\" data-element_type=\"widget\" data-e-type=\"widget\" data-widget_type=\"image.default\">\n\t\t\t\t<div class=\"elementor-widget-container\">\n\t\t\t\t\t\t\t\t\t\t\t\t\t\t\t<img decoding=\"async\" width=\"1024\" height=\"768\" src=\"https:\/\/hanninkhof.de\/wp-content\/uploads\/2025\/01\/IMG_0603photo-scaled-1-1024x768.jpg\" class=\"attachment-large size-large wp-image-598\" alt=\"Tuin\" srcset=\"https:\/\/hanninkhof.de\/wp-content\/uploads\/2025\/01\/IMG_0603photo-scaled-1-1024x768.jpg 1024w, https:\/\/hanninkhof.de\/wp-content\/uploads\/2025\/01\/IMG_0603photo-scaled-1-300x225.jpg 300w, https:\/\/hanninkhof.de\/wp-content\/uploads\/2025\/01\/IMG_0603photo-scaled-1-768x576.jpg 768w, https:\/\/hanninkhof.de\/wp-content\/uploads\/2025\/01\/IMG_0603photo-scaled-1-1536x1152.jpg 1536w, https:\/\/hanninkhof.de\/wp-content\/uploads\/2025\/01\/IMG_0603photo-scaled-1-2048x1536.jpg 2048w, https:\/\/hanninkhof.de\/wp-content\/uploads\/2025\/01\/IMG_0603photo-scaled-1.webp 1920w\" sizes=\"(max-width: 1024px) 100vw, 1024px\" \/>\t\t\t\t\t\t\t\t\t\t\t\t\t\t\t<\/div>\n\t\t\t\t<\/div>\n\t\t\t\t<div class=\"elementor-element elementor-element-ebe5b74 elementor-widget elementor-widget-image\" data-id=\"ebe5b74\" data-element_type=\"widget\" data-e-type=\"widget\" data-widget_type=\"image.default\">\n\t\t\t\t<div class=\"elementor-widget-container\">\n\t\t\t\t\t\t\t\t\t\t\t\t\t\t\t<img loading=\"lazy\" decoding=\"async\" width=\"1920\" height=\"1080\" src=\"https:\/\/hanninkhof.de\/wp-content\/uploads\/2025\/01\/IMG_0961photo-scaled-1.webp\" class=\"attachment-full size-full wp-image-599\" alt=\"\" srcset=\"https:\/\/hanninkhof.de\/wp-content\/uploads\/2025\/01\/IMG_0961photo-scaled-1.webp 1920w, https:\/\/hanninkhof.de\/wp-content\/uploads\/2025\/01\/IMG_0961photo-scaled-1-300x169.webp 300w, https:\/\/hanninkhof.de\/wp-content\/uploads\/2025\/01\/IMG_0961photo-scaled-1-1024x576.jpg 1024w, https:\/\/hanninkhof.de\/wp-content\/uploads\/2025\/01\/IMG_0961photo-scaled-1-768x432.jpg 768w, https:\/\/hanninkhof.de\/wp-content\/uploads\/2025\/01\/IMG_0961photo-scaled-1-1536x864.jpg 1536w, https:\/\/hanninkhof.de\/wp-content\/uploads\/2025\/01\/IMG_0961photo-scaled-1-2048x1152.jpg 2048w\" sizes=\"(max-width: 1920px) 100vw, 1920px\" \/>\t\t\t\t\t\t\t\t\t\t\t\t\t\t\t<\/div>\n\t\t\t\t<\/div>\n\t\t\t\t<div class=\"elementor-element elementor-element-a32bedf elementor-widget elementor-widget-image\" data-id=\"a32bedf\" data-element_type=\"widget\" data-e-type=\"widget\" data-widget_type=\"image.default\">\n\t\t\t\t<div class=\"elementor-widget-container\">\n\t\t\t\t\t\t\t\t\t\t\t\t\t\t\t<img loading=\"lazy\" decoding=\"async\" width=\"1920\" height=\"1440\" src=\"https:\/\/hanninkhof.de\/wp-content\/uploads\/2025\/01\/IMG_1143photo-scaled-1.webp\" class=\"attachment-full size-full wp-image-600\" alt=\"\" srcset=\"https:\/\/hanninkhof.de\/wp-content\/uploads\/2025\/01\/IMG_1143photo-scaled-1.webp 1920w, https:\/\/hanninkhof.de\/wp-content\/uploads\/2025\/01\/IMG_1143photo-scaled-1-300x225.webp 300w, https:\/\/hanninkhof.de\/wp-content\/uploads\/2025\/01\/IMG_1143photo-scaled-1-1024x768.jpg 1024w, https:\/\/hanninkhof.de\/wp-content\/uploads\/2025\/01\/IMG_1143photo-scaled-1-768x576.jpg 768w, https:\/\/hanninkhof.de\/wp-content\/uploads\/2025\/01\/IMG_1143photo-scaled-1-1536x1152.jpg 1536w, https:\/\/hanninkhof.de\/wp-content\/uploads\/2025\/01\/IMG_1143photo-scaled-1-2048x1536.jpg 2048w\" sizes=\"(max-width: 1920px) 100vw, 1920px\" \/>\t\t\t\t\t\t\t\t\t\t\t\t\t\t\t<\/div>\n\t\t\t\t<\/div>\n\t\t\t\t<div class=\"elementor-element elementor-element-913dbfb elementor-widget elementor-widget-image\" data-id=\"913dbfb\" data-element_type=\"widget\" data-e-type=\"widget\" data-widget_type=\"image.default\">\n\t\t\t\t<div class=\"elementor-widget-container\">\n\t\t\t\t\t\t\t\t\t\t\t\t\t\t\t<img loading=\"lazy\" decoding=\"async\" width=\"1024\" height=\"768\" src=\"https:\/\/hanninkhof.de\/wp-content\/uploads\/2025\/01\/IMG_9954photo-scaled-1-1024x768.jpg\" class=\"attachment-large size-large wp-image-601\" alt=\"\" srcset=\"https:\/\/hanninkhof.de\/wp-content\/uploads\/2025\/01\/IMG_9954photo-scaled-1-1024x768.jpg 1024w, https:\/\/hanninkhof.de\/wp-content\/uploads\/2025\/01\/IMG_9954photo-scaled-1-300x225.webp 300w, https:\/\/hanninkhof.de\/wp-content\/uploads\/2025\/01\/IMG_9954photo-scaled-1-768x576.jpg 768w, https:\/\/hanninkhof.de\/wp-content\/uploads\/2025\/01\/IMG_9954photo-scaled-1-1536x1152.jpg 1536w, https:\/\/hanninkhof.de\/wp-content\/uploads\/2025\/01\/IMG_9954photo-scaled-1-2048x1536.jpg 2048w, https:\/\/hanninkhof.de\/wp-content\/uploads\/2025\/01\/IMG_9954photo-scaled-1.webp 1920w\" sizes=\"(max-width: 1024px) 100vw, 1024px\" \/>\t\t\t\t\t\t\t\t\t\t\t\t\t\t\t<\/div>\n\t\t\t\t<\/div>\n\t\t\t\t<div class=\"elementor-element elementor-element-aebf3b3 elementor-widget elementor-widget-image\" data-id=\"aebf3b3\" data-element_type=\"widget\" data-e-type=\"widget\" data-widget_type=\"image.default\">\n\t\t\t\t<div class=\"elementor-widget-container\">\n\t\t\t\t\t\t\t\t\t\t\t\t\t\t\t<img loading=\"lazy\" decoding=\"async\" width=\"1920\" height=\"1080\" src=\"https:\/\/hanninkhof.de\/wp-content\/uploads\/2025\/01\/IMG_0959photo-scaled-1.webp\" class=\"attachment-full size-full wp-image-602\" alt=\"\" srcset=\"https:\/\/hanninkhof.de\/wp-content\/uploads\/2025\/01\/IMG_0959photo-scaled-1.webp 1920w, https:\/\/hanninkhof.de\/wp-content\/uploads\/2025\/01\/IMG_0959photo-scaled-1-300x169.webp 300w, https:\/\/hanninkhof.de\/wp-content\/uploads\/2025\/01\/IMG_0959photo-scaled-1-1024x576.webp 1024w, https:\/\/hanninkhof.de\/wp-content\/uploads\/2025\/01\/IMG_0959photo-scaled-1-768x432.webp 768w, https:\/\/hanninkhof.de\/wp-content\/uploads\/2025\/01\/IMG_0959photo-scaled-1-1536x864.webp 1536w\" sizes=\"(max-width: 1920px) 100vw, 1920px\" \/>\t\t\t\t\t\t\t\t\t\t\t\t\t\t\t<\/div>\n\t\t\t\t<\/div>\n\t\t\t\t\t<\/div>\n\t\t\t\t<\/div>\n\t\t\t\t<\/div>\n\t\t","protected":false},"excerpt":{"rendered":"<p>Gem\u00fctlicher Familiengarten Hanninkhof verf\u00fcgt \u00fcber einen gem\u00fctlichen Familiengarten. In diesem Garten k\u00f6nnen Sie sich an all den verschiedenen Pflanzen und B\u00e4umen erfreuen. Im Sommer k\u00f6nnen die Kinder in einem aufblasbaren Pool planschen, auf der Wiese spielen und es gibt 2 Schaukeln mit unterschiedlichen Sitzen. F\u00fcr die Erwachsenen stehen Stehtische, Biertische und -hocker, Gartenst\u00fchle, ein Sonnenschirm, [&hellip;]<\/p>\n","protected":false},"author":2,"featured_media":0,"parent":0,"menu_order":0,"comment_status":"closed","ping_status":"closed","template":"","meta":{"footnotes":""},"class_list":["post-1814","page","type-page","status-publish","hentry"],"blocksy_meta":[],"_links":{"self":[{"href":"https:\/\/hanninkhof.de\/index.php?rest_route=\/wp\/v2\/pages\/1814","targetHints":{"allow":["GET"]}}],"collection":[{"href":"https:\/\/hanninkhof.de\/index.php?rest_route=\/wp\/v2\/pages"}],"about":[{"href":"https:\/\/hanninkhof.de\/index.php?rest_route=\/wp\/v2\/types\/page"}],"author":[{"embeddable":true,"href":"https:\/\/hanninkhof.de\/index.php?rest_route=\/wp\/v2\/users\/2"}],"replies":[{"embeddable":true,"href":"https:\/\/hanninkhof.de\/index.php?rest_route=%2Fwp%2Fv2%2Fcomments&post=1814"}],"version-history":[{"count":0,"href":"https:\/\/hanninkhof.de\/index.php?rest_route=\/wp\/v2\/pages\/1814\/revisions"}],"wp:attachment":[{"href":"https:\/\/hanninkhof.de\/index.php?rest_route=%2Fwp%2Fv2%2Fmedia&parent=1814"}],"curies":[{"name":"wp","href":"https:\/\/api.w.org\/{rel}","templated":true}]}}