{"id":1825,"date":"2025-02-02T18:21:09","date_gmt":"2025-02-02T17:21:09","guid":{"rendered":"https:\/\/stichtingdiva.nl\/?page_id=1825"},"modified":"2025-02-02T18:22:14","modified_gmt":"2025-02-02T17:22:14","slug":"bastelraum","status":"publish","type":"page","link":"https:\/\/hanninkhof.de\/?page_id=1825&lang=de","title":{"rendered":"Bastelraum"},"content":{"rendered":"\t\t<div data-elementor-type=\"wp-page\" data-elementor-id=\"1825\" class=\"elementor elementor-1825\">\n\t\t\t\t<div class=\"elementor-element elementor-element-ba07117 e-flex e-con-boxed e-con e-parent\" data-id=\"ba07117\" data-element_type=\"container\" data-e-type=\"container\">\n\t\t\t\t\t<div class=\"e-con-inner\">\n\t\t\t\t\t<\/div>\n\t\t\t\t<\/div>\n\t\t<div class=\"elementor-element elementor-element-469e265 e-flex e-con-boxed e-con e-parent\" data-id=\"469e265\" data-element_type=\"container\" data-e-type=\"container\">\n\t\t\t\t\t<div class=\"e-con-inner\">\n\t\t\t\t<div class=\"elementor-element elementor-element-b5f7580 elementor-widget elementor-widget-text-editor\" data-id=\"b5f7580\" data-element_type=\"widget\" data-e-type=\"widget\" data-widget_type=\"text-editor.default\">\n\t\t\t\t<div class=\"elementor-widget-container\">\n\t\t\t\t\t\t\t\t\t<h4>Bastelraum<\/h4><p><span style=\"color: #008000;\">Speziell f\u00fcr Modellflugbegeisterte haben wir im Keller einen Raum zur Lagerung und Reparatur von RC-Modellen. Dieser Raum ist mit Bautischen, verschiedenen Werkzeugen, Ladeger\u00e4ten wie einem Ladeger\u00e4t und einer 12-Volt-Batterie ausgestattet. Hier verbringen die G\u00e4ste regelm\u00e4\u00dfig sch\u00f6ne Stunden beim gemeinsamen Bauen mit den Mitbewohnern oder beim Austausch neuer technischer Gadgets. Im Winter besteht hier auch die M\u00f6glichkeit die Skier aufzubewahren.<\/span><\/p><p style=\"text-align: center;\"><span style=\"color: #003300;\"><em>Bitte f\u00fchren Sie in unseren Ferienh\u00e4usern <strong>KEINE<\/strong> Reparaturen an Modellflugzeugen durch, speziell f\u00fcr Modellflugzeugfreunde haben wir im Keller einen Bastelraum. Die Nutzung ist f\u00fcr Sie kostenfrei.<\/em><\/span><\/p>\t\t\t\t\t\t\t\t<\/div>\n\t\t\t\t<\/div>\n\t\t\t\t\t<\/div>\n\t\t\t\t<\/div>\n\t\t\t\t<\/div>\n\t\t","protected":false},"excerpt":{"rendered":"<p>Bastelraum Speziell f\u00fcr Modellflugbegeisterte haben wir im Keller einen Raum zur Lagerung und Reparatur von RC-Modellen. Dieser Raum ist mit Bautischen, verschiedenen Werkzeugen, Ladeger\u00e4ten wie einem Ladeger\u00e4t und einer 12-Volt-Batterie ausgestattet. Hier verbringen die G\u00e4ste regelm\u00e4\u00dfig sch\u00f6ne Stunden beim gemeinsamen Bauen mit den Mitbewohnern oder beim Austausch neuer technischer Gadgets. Im Winter besteht hier auch [&hellip;]<\/p>\n","protected":false},"author":2,"featured_media":0,"parent":0,"menu_order":0,"comment_status":"closed","ping_status":"closed","template":"","meta":{"footnotes":""},"class_list":["post-1825","page","type-page","status-publish","hentry"],"blocksy_meta":[],"_links":{"self":[{"href":"https:\/\/hanninkhof.de\/index.php?rest_route=\/wp\/v2\/pages\/1825","targetHints":{"allow":["GET"]}}],"collection":[{"href":"https:\/\/hanninkhof.de\/index.php?rest_route=\/wp\/v2\/pages"}],"about":[{"href":"https:\/\/hanninkhof.de\/index.php?rest_route=\/wp\/v2\/types\/page"}],"author":[{"embeddable":true,"href":"https:\/\/hanninkhof.de\/index.php?rest_route=\/wp\/v2\/users\/2"}],"replies":[{"embeddable":true,"href":"https:\/\/hanninkhof.de\/index.php?rest_route=%2Fwp%2Fv2%2Fcomments&post=1825"}],"version-history":[{"count":0,"href":"https:\/\/hanninkhof.de\/index.php?rest_route=\/wp\/v2\/pages\/1825\/revisions"}],"wp:attachment":[{"href":"https:\/\/hanninkhof.de\/index.php?rest_route=%2Fwp%2Fv2%2Fmedia&parent=1825"}],"curies":[{"name":"wp","href":"https:\/\/api.w.org\/{rel}","templated":true}]}}