{"id":1912,"date":"2025-02-03T08:56:26","date_gmt":"2025-02-03T07:56:26","guid":{"rendered":"https:\/\/stichtingdiva.nl\/?page_id=1912"},"modified":"2025-02-03T08:58:05","modified_gmt":"2025-02-03T07:58:05","slug":"wandern-2","status":"publish","type":"page","link":"https:\/\/hanninkhof.de\/?page_id=1912&lang=de","title":{"rendered":"Wandern"},"content":{"rendered":"\t\t<div data-elementor-type=\"wp-page\" data-elementor-id=\"1912\" class=\"elementor elementor-1912\">\n\t\t\t\t<div class=\"elementor-element elementor-element-a010fe3 e-flex e-con-boxed e-con e-parent\" data-id=\"a010fe3\" data-element_type=\"container\" data-e-type=\"container\">\n\t\t\t\t\t<div class=\"e-con-inner\">\n\t\t\t\t\t<\/div>\n\t\t\t\t<\/div>\n\t\t<div class=\"elementor-element elementor-element-1f810fa e-flex e-con-boxed e-con e-parent\" data-id=\"1f810fa\" data-element_type=\"container\" data-e-type=\"container\">\n\t\t\t\t\t<div class=\"e-con-inner\">\n\t\t\t\t<div class=\"elementor-element elementor-element-7f95978 elementor-widget elementor-widget-text-editor\" data-id=\"7f95978\" data-element_type=\"widget\" data-e-type=\"widget\" data-widget_type=\"text-editor.default\">\n\t\t\t\t<div class=\"elementor-widget-container\">\n\t\t\t\t\t\t\t\t\t<h4><span style=\"color: #003300;\">Wandern<\/span><\/h4>\n<p><span style=\"color: #008000;\">Rund um die Wasserkuppe lassen sich sch\u00f6ne Spazierg\u00e4nge unternehmen. Es sind kleine und gro\u00dfe Wanderwege eingezeichnet. Auch gef\u00fchrte Wanderungen sind m\u00f6glich. Sie sind hier vor Ort organisiert.<\/span><\/p>\n<p><span style=\"color: #008000;\">Nachfolgend ein Eindruck vom Wandern auf und um die Wasserkuppe.<\/span><\/p>\t\t\t\t\t\t\t\t<\/div>\n\t\t\t\t<\/div>\n\t\t\t\t\t<\/div>\n\t\t\t\t<\/div>\n\t\t<div class=\"elementor-element elementor-element-5d6ccb1 e-flex e-con-boxed e-con e-parent\" data-id=\"5d6ccb1\" data-element_type=\"container\" data-e-type=\"container\">\n\t\t\t\t\t<div class=\"e-con-inner\">\n\t\t\t\t<div class=\"elementor-element elementor-element-cb697c4 elementor-widget__width-initial elementor-widget elementor-widget-video\" data-id=\"cb697c4\" data-element_type=\"widget\" data-e-type=\"widget\" data-settings=\"{&quot;youtube_url&quot;:&quot;https:\\\/\\\/www.youtube.com\\\/watch?v=I-BAovxIHC4&quot;,&quot;autoplay&quot;:&quot;yes&quot;,&quot;mute&quot;:&quot;yes&quot;,&quot;loop&quot;:&quot;yes&quot;,&quot;video_type&quot;:&quot;youtube&quot;,&quot;controls&quot;:&quot;yes&quot;}\" data-widget_type=\"video.default\">\n\t\t\t\t<div class=\"elementor-widget-container\">\n\t\t\t\t\t\t\t<div class=\"elementor-wrapper elementor-open-inline\">\n\t\t\t<div class=\"elementor-video\"><\/div>\t\t<\/div>\n\t\t\t\t\t\t<\/div>\n\t\t\t\t<\/div>\n\t\t\t\t<div class=\"elementor-element elementor-element-a1aed46 elementor-widget__width-initial elementor-widget elementor-widget-video\" data-id=\"a1aed46\" data-element_type=\"widget\" data-e-type=\"widget\" data-settings=\"{&quot;youtube_url&quot;:&quot;https:\\\/\\\/www.youtube.com\\\/watch?v=o7Eq_yqWc2I&quot;,&quot;video_type&quot;:&quot;youtube&quot;,&quot;controls&quot;:&quot;yes&quot;}\" data-widget_type=\"video.default\">\n\t\t\t\t<div class=\"elementor-widget-container\">\n\t\t\t\t\t\t\t<div class=\"elementor-wrapper elementor-open-inline\">\n\t\t\t<div class=\"elementor-video\"><\/div>\t\t<\/div>\n\t\t\t\t\t\t<\/div>\n\t\t\t\t<\/div>\n\t\t\t\t<div class=\"elementor-element elementor-element-17ca14f elementor-widget__width-initial elementor-widget elementor-widget-video\" data-id=\"17ca14f\" data-element_type=\"widget\" data-e-type=\"widget\" data-settings=\"{&quot;youtube_url&quot;:&quot;https:\\\/\\\/www.youtube.com\\\/watch?v=xiz5uawbpEo&quot;,&quot;autoplay&quot;:&quot;yes&quot;,&quot;mute&quot;:&quot;yes&quot;,&quot;loop&quot;:&quot;yes&quot;,&quot;video_type&quot;:&quot;youtube&quot;,&quot;controls&quot;:&quot;yes&quot;}\" data-widget_type=\"video.default\">\n\t\t\t\t<div class=\"elementor-widget-container\">\n\t\t\t\t\t\t\t<div class=\"elementor-wrapper elementor-open-inline\">\n\t\t\t<div class=\"elementor-video\"><\/div>\t\t<\/div>\n\t\t\t\t\t\t<\/div>\n\t\t\t\t<\/div>\n\t\t\t\t\t<\/div>\n\t\t\t\t<\/div>\n\t\t\t\t<\/div>\n\t\t","protected":false},"excerpt":{"rendered":"<p>Wandern Rund um die Wasserkuppe lassen sich sch\u00f6ne Spazierg\u00e4nge unternehmen. Es sind kleine und gro\u00dfe Wanderwege eingezeichnet. Auch gef\u00fchrte Wanderungen sind m\u00f6glich. Sie sind hier vor Ort organisiert. Nachfolgend ein Eindruck vom Wandern auf und um die Wasserkuppe. https:\/\/www.youtube.com\/watch?v=I-BAovxIHC4https:\/\/www.youtube.com\/watch?v=o7Eq_yqWc2Ihttps:\/\/www.youtube.com\/watch?v=xiz5uawbpEo<\/p>\n","protected":false},"author":2,"featured_media":0,"parent":0,"menu_order":0,"comment_status":"closed","ping_status":"closed","template":"","meta":{"footnotes":""},"class_list":["post-1912","page","type-page","status-publish","hentry"],"blocksy_meta":[],"_links":{"self":[{"href":"https:\/\/hanninkhof.de\/index.php?rest_route=\/wp\/v2\/pages\/1912","targetHints":{"allow":["GET"]}}],"collection":[{"href":"https:\/\/hanninkhof.de\/index.php?rest_route=\/wp\/v2\/pages"}],"about":[{"href":"https:\/\/hanninkhof.de\/index.php?rest_route=\/wp\/v2\/types\/page"}],"author":[{"embeddable":true,"href":"https:\/\/hanninkhof.de\/index.php?rest_route=\/wp\/v2\/users\/2"}],"replies":[{"embeddable":true,"href":"https:\/\/hanninkhof.de\/index.php?rest_route=%2Fwp%2Fv2%2Fcomments&post=1912"}],"version-history":[{"count":0,"href":"https:\/\/hanninkhof.de\/index.php?rest_route=\/wp\/v2\/pages\/1912\/revisions"}],"wp:attachment":[{"href":"https:\/\/hanninkhof.de\/index.php?rest_route=%2Fwp%2Fv2%2Fmedia&parent=1912"}],"curies":[{"name":"wp","href":"https:\/\/api.w.org\/{rel}","templated":true}]}}