{"id":1948,"date":"2025-02-03T10:29:15","date_gmt":"2025-02-03T09:29:15","guid":{"rendered":"https:\/\/stichtingdiva.nl\/?page_id=1948"},"modified":"2025-02-03T10:31:00","modified_gmt":"2025-02-03T09:31:00","slug":"flugaktivitaten-2","status":"publish","type":"page","link":"https:\/\/hanninkhof.de\/?page_id=1948&lang=de","title":{"rendered":"Flugaktivit\u00e4ten"},"content":{"rendered":"\t\t<div data-elementor-type=\"wp-page\" data-elementor-id=\"1948\" class=\"elementor elementor-1948\">\n\t\t\t\t<div class=\"elementor-element elementor-element-5a416bc e-flex e-con-boxed e-con e-parent\" data-id=\"5a416bc\" data-element_type=\"container\" data-e-type=\"container\">\n\t\t\t\t\t<div class=\"e-con-inner\">\n\t\t\t\t\t<\/div>\n\t\t\t\t<\/div>\n\t\t<div class=\"elementor-element elementor-element-98b2224 e-flex e-con-boxed e-con e-parent\" data-id=\"98b2224\" data-element_type=\"container\" data-e-type=\"container\">\n\t\t\t\t\t<div class=\"e-con-inner\">\n\t\t\t\t<div class=\"elementor-element elementor-element-5d4bf42 elementor-widget elementor-widget-text-editor\" data-id=\"5d4bf42\" data-element_type=\"widget\" data-e-type=\"widget\" data-widget_type=\"text-editor.default\">\n\t\t\t\t<div class=\"elementor-widget-container\">\n\t\t\t\t\t\t\t\t\t<h4><span style=\"background-color: var(--theme-palette-color-8);\"><span style=\"color: #003300;\">Flugaktivit\u00e4ten<\/span><\/span><\/h4>\n<p><span style=\"color: #008000;\"><b>Modellfliegen,&nbsp;<span style=\"font-family: var(--theme-font-family); font-size: var(--theme-font-size); font-style: var(--theme-font-style, inherit); font-variant-ligatures: inherit; font-variant-caps: inherit; letter-spacing: var(--theme-letter-spacing); text-transform: var(--theme-text-transform); background-color: var(--theme-palette-color-8);\">Segelfliegen und Gleitschirmfliegen!<\/span><\/b><\/span><\/p>\n<p><span style=\"color: #008000; font-family: inherit; font-size: inherit; font-style: inherit; font-variant-ligatures: inherit; font-variant-caps: inherit; font-weight: inherit; letter-spacing: 0px; background-color: var(--theme-palette-color-8); text-transform: var(--theme-text-transform);\">Hangsegelflug auf der Wasserkuppe ist ein von vielen Modellfliegern betriebenes Hobby. Dieser Berg (Berg der Flieger) ist ein Treffpunkt f\u00fcr Jung und Alt, die die gleiche Leidenschaft teilen.&nbsp;<\/span><\/p>\n<p><span style=\"color: #008000;\">Das ganze Jahr \u00fcber kommen Modellflieger aus aller Welt, um ihre eigenen Modelle fliegen zu lassen und sich Neuentwicklungen im Flug anzusehen. Geflogen wird auf verschiedene H\u00e4nge wie zum Beispiel S\u00fcdhang, Fuldaquelle, Abstrodahang, Westhang beim Flieger Denkmal. Nur bei Ostwind besteht eigentlich keine M\u00f6glichkeit, daf\u00fcr gibt es rund um die Wasserkuppe einige Berge, die diese Voraussetzung erf\u00fcllen.&nbsp;<\/span><\/p>\n<p><span style=\"color: #008000;\">Noch bis zum 1. November ist die Flugsicherung auf der Wasserkuppe pr\u00e4sent und es kann eine Tageskarte erworben werden, um dort unter Aufsicht der Flugsicherung mitzufliegen. Dies ist notwendig, da es neben dem Modellflug auch echte Segelflieger gibt, die ihrem Hobby nachgehen. Segelflieger und&nbsp;<\/span><span style=\"color: #008000;\"><span style=\"font-family: var(--theme-font-family); font-size: var(--theme-font-size); font-style: var(--theme-font-style, inherit); font-variant-ligatures: inherit; font-variant-caps: inherit; letter-spacing: var(--theme-letter-spacing); text-transform: var(--theme-text-transform); background-color: var(--theme-palette-color-8);\">Gleitschirmflieger<\/span><\/span><span style=\"color: #008000;\">&nbsp;haben Vorrang vor Modellvlieger.&nbsp;<\/span><\/p>\n<p><span style=\"color: #008000;\">Auch Gleitschirmflieger sind mit dabei und erhalten in der jeweiligen Flugschule Unterricht im Umgang mit dem Fallschirm.&nbsp;<\/span><\/p>\n<p><span style=\"color: #008000;\">Modellfluggebiete rund um die Wasserkuppe sind beispielsweise Weiherberg, Simmelsberg, Arnsberg, Himmeldonk. Auf diesen Bergen gibt es Modellflugvereine, bei denen man zum Fliegen eine Genehmigung einholen muss.<\/span><\/p>\t\t\t\t\t\t\t\t<\/div>\n\t\t\t\t<\/div>\n\t\t\t\t\t<\/div>\n\t\t\t\t<\/div>\n\t\t<div class=\"elementor-element elementor-element-c478b14 e-flex e-con-boxed e-con e-parent\" data-id=\"c478b14\" data-element_type=\"container\" data-e-type=\"container\">\n\t\t\t\t\t<div class=\"e-con-inner\">\n\t\t\t\t<div class=\"elementor-element elementor-element-dd70015 elementor-widget__width-initial elementor-widget elementor-widget-video\" data-id=\"dd70015\" data-element_type=\"widget\" data-e-type=\"widget\" data-settings=\"{&quot;youtube_url&quot;:&quot;https:\\\/\\\/www.youtube.com\\\/watch?v=PE01dadJ1Ok&quot;,&quot;autoplay&quot;:&quot;yes&quot;,&quot;mute&quot;:&quot;yes&quot;,&quot;loop&quot;:&quot;yes&quot;,&quot;video_type&quot;:&quot;youtube&quot;,&quot;controls&quot;:&quot;yes&quot;}\" data-widget_type=\"video.default\">\n\t\t\t\t<div class=\"elementor-widget-container\">\n\t\t\t\t\t\t\t<div class=\"elementor-wrapper elementor-open-inline\">\n\t\t\t<div class=\"elementor-video\"><\/div>\t\t<\/div>\n\t\t\t\t\t\t<\/div>\n\t\t\t\t<\/div>\n\t\t\t\t<div class=\"elementor-element elementor-element-0950ea2 elementor-widget__width-initial elementor-widget elementor-widget-video\" data-id=\"0950ea2\" data-element_type=\"widget\" data-e-type=\"widget\" data-settings=\"{&quot;youtube_url&quot;:&quot;https:\\\/\\\/www.youtube.com\\\/watch?v=J3Sun0fI77o&quot;,&quot;autoplay&quot;:&quot;yes&quot;,&quot;mute&quot;:&quot;yes&quot;,&quot;loop&quot;:&quot;yes&quot;,&quot;video_type&quot;:&quot;youtube&quot;,&quot;controls&quot;:&quot;yes&quot;}\" data-widget_type=\"video.default\">\n\t\t\t\t<div class=\"elementor-widget-container\">\n\t\t\t\t\t\t\t<div class=\"elementor-wrapper elementor-open-inline\">\n\t\t\t<div class=\"elementor-video\"><\/div>\t\t<\/div>\n\t\t\t\t\t\t<\/div>\n\t\t\t\t<\/div>\n\t\t\t\t<div class=\"elementor-element elementor-element-a238c4e elementor-widget__width-initial elementor-widget elementor-widget-video\" data-id=\"a238c4e\" data-element_type=\"widget\" data-e-type=\"widget\" data-settings=\"{&quot;youtube_url&quot;:&quot;https:\\\/\\\/youtu.be\\\/qucYrQZBnGA&quot;,&quot;autoplay&quot;:&quot;yes&quot;,&quot;mute&quot;:&quot;yes&quot;,&quot;loop&quot;:&quot;yes&quot;,&quot;video_type&quot;:&quot;youtube&quot;,&quot;controls&quot;:&quot;yes&quot;}\" data-widget_type=\"video.default\">\n\t\t\t\t<div class=\"elementor-widget-container\">\n\t\t\t\t\t\t\t<div class=\"elementor-wrapper elementor-open-inline\">\n\t\t\t<div class=\"elementor-video\"><\/div>\t\t<\/div>\n\t\t\t\t\t\t<\/div>\n\t\t\t\t<\/div>\n\t\t\t\t\t<\/div>\n\t\t\t\t<\/div>\n\t\t<div class=\"elementor-element elementor-element-386d52a e-flex e-con-boxed e-con e-parent\" data-id=\"386d52a\" data-element_type=\"container\" data-e-type=\"container\">\n\t\t\t\t\t<div class=\"e-con-inner\">\n\t\t\t\t<div class=\"elementor-element elementor-element-90eab2c elementor-widget__width-initial elementor-widget elementor-widget-video\" data-id=\"90eab2c\" data-element_type=\"widget\" data-e-type=\"widget\" data-settings=\"{&quot;youtube_url&quot;:&quot;https:\\\/\\\/www.youtube.com\\\/watch?v=VL0VhM2VT7o&quot;,&quot;autoplay&quot;:&quot;yes&quot;,&quot;mute&quot;:&quot;yes&quot;,&quot;loop&quot;:&quot;yes&quot;,&quot;video_type&quot;:&quot;youtube&quot;,&quot;controls&quot;:&quot;yes&quot;}\" data-widget_type=\"video.default\">\n\t\t\t\t<div class=\"elementor-widget-container\">\n\t\t\t\t\t\t\t<div class=\"elementor-wrapper elementor-open-inline\">\n\t\t\t<div class=\"elementor-video\"><\/div>\t\t<\/div>\n\t\t\t\t\t\t<\/div>\n\t\t\t\t<\/div>\n\t\t\t\t<div class=\"elementor-element elementor-element-5408d9f elementor-widget__width-initial elementor-widget elementor-widget-video\" data-id=\"5408d9f\" data-element_type=\"widget\" data-e-type=\"widget\" data-settings=\"{&quot;youtube_url&quot;:&quot;https:\\\/\\\/www.youtube.com\\\/watch?v=Xk-s7LDAdAY&amp;t=42s&quot;,&quot;autoplay&quot;:&quot;yes&quot;,&quot;mute&quot;:&quot;yes&quot;,&quot;loop&quot;:&quot;yes&quot;,&quot;video_type&quot;:&quot;youtube&quot;,&quot;controls&quot;:&quot;yes&quot;}\" data-widget_type=\"video.default\">\n\t\t\t\t<div class=\"elementor-widget-container\">\n\t\t\t\t\t\t\t<div class=\"elementor-wrapper elementor-open-inline\">\n\t\t\t<div class=\"elementor-video\"><\/div>\t\t<\/div>\n\t\t\t\t\t\t<\/div>\n\t\t\t\t<\/div>\n\t\t\t\t<div class=\"elementor-element elementor-element-c7c6d40 elementor-widget__width-initial elementor-widget elementor-widget-video\" data-id=\"c7c6d40\" data-element_type=\"widget\" data-e-type=\"widget\" data-settings=\"{&quot;youtube_url&quot;:&quot;https:\\\/\\\/www.youtube.com\\\/watch?v=E7ec89a4Luw&quot;,&quot;autoplay&quot;:&quot;yes&quot;,&quot;mute&quot;:&quot;yes&quot;,&quot;loop&quot;:&quot;yes&quot;,&quot;play_on_mobile&quot;:&quot;yes&quot;,&quot;video_type&quot;:&quot;youtube&quot;,&quot;controls&quot;:&quot;yes&quot;}\" data-widget_type=\"video.default\">\n\t\t\t\t<div class=\"elementor-widget-container\">\n\t\t\t\t\t\t\t<div class=\"elementor-wrapper elementor-open-inline\">\n\t\t\t<div class=\"elementor-video\"><\/div>\t\t<\/div>\n\t\t\t\t\t\t<\/div>\n\t\t\t\t<\/div>\n\t\t\t\t\t<\/div>\n\t\t\t\t<\/div>\n\t\t\t\t<\/div>\n\t\t","protected":false},"excerpt":{"rendered":"<p>Flugaktivit\u00e4ten Modellfliegen,&nbsp;Segelfliegen und Gleitschirmfliegen! Hangsegelflug auf der Wasserkuppe ist ein von vielen Modellfliegern betriebenes Hobby. Dieser Berg (Berg der Flieger) ist ein Treffpunkt f\u00fcr Jung und Alt, die die gleiche Leidenschaft teilen.&nbsp; Das ganze Jahr \u00fcber kommen Modellflieger aus aller Welt, um ihre eigenen Modelle fliegen zu lassen und sich Neuentwicklungen im Flug anzusehen. Geflogen [&hellip;]<\/p>\n","protected":false},"author":2,"featured_media":0,"parent":0,"menu_order":0,"comment_status":"closed","ping_status":"closed","template":"","meta":{"footnotes":""},"class_list":["post-1948","page","type-page","status-publish","hentry"],"blocksy_meta":[],"_links":{"self":[{"href":"https:\/\/hanninkhof.de\/index.php?rest_route=\/wp\/v2\/pages\/1948","targetHints":{"allow":["GET"]}}],"collection":[{"href":"https:\/\/hanninkhof.de\/index.php?rest_route=\/wp\/v2\/pages"}],"about":[{"href":"https:\/\/hanninkhof.de\/index.php?rest_route=\/wp\/v2\/types\/page"}],"author":[{"embeddable":true,"href":"https:\/\/hanninkhof.de\/index.php?rest_route=\/wp\/v2\/users\/2"}],"replies":[{"embeddable":true,"href":"https:\/\/hanninkhof.de\/index.php?rest_route=%2Fwp%2Fv2%2Fcomments&post=1948"}],"version-history":[{"count":0,"href":"https:\/\/hanninkhof.de\/index.php?rest_route=\/wp\/v2\/pages\/1948\/revisions"}],"wp:attachment":[{"href":"https:\/\/hanninkhof.de\/index.php?rest_route=%2Fwp%2Fv2%2Fmedia&parent=1948"}],"curies":[{"name":"wp","href":"https:\/\/api.w.org\/{rel}","templated":true}]}}